{"id":145,"date":"2026-01-14T10:43:04","date_gmt":"2026-01-14T10:43:04","guid":{"rendered":"https:\/\/upskill.humanpower-group.com\/?page_id=145"},"modified":"2026-01-16T14:25:52","modified_gmt":"2026-01-16T14:25:52","slug":"accueil","status":"publish","type":"page","link":"https:\/\/upskill.humanpower-group.com\/","title":{"rendered":"accueil"},"content":{"rendered":"\t\t<div data-elementor-type=\"wp-page\" data-elementor-id=\"145\" class=\"elementor elementor-145\">\n\t\t\t\t<div class=\"elementor-element elementor-element-04c0ac5 customBackground e-flex e-con-boxed wpr-particle-no wpr-jarallax-no wpr-parallax-no wpr-sticky-section-no e-con e-parent\" data-id=\"04c0ac5\" data-element_type=\"container\" data-e-type=\"container\" data-settings=\"{&quot;background_background&quot;:&quot;classic&quot;}\">\n\t\t\t\t\t<div class=\"e-con-inner\">\n\t\t<div class=\"elementor-element elementor-element-bd573f5 e-con-full e-flex wpr-particle-no wpr-jarallax-no wpr-parallax-no wpr-sticky-section-no e-con e-child\" data-id=\"bd573f5\" data-element_type=\"container\" data-e-type=\"container\">\n\t\t\t\t<div class=\"elementor-element elementor-element-5e66cbb elementor-widget elementor-widget-heading\" data-id=\"5e66cbb\" data-element_type=\"widget\" data-e-type=\"widget\" data-widget_type=\"heading.default\">\n\t\t\t\t\t<h2 class=\"elementor-heading-title elementor-size-default\">Welcome to <\/h2>\t\t\t\t<\/div>\n\t\t\t\t<div class=\"elementor-element elementor-element-80587b4 elementor-widget elementor-widget-image\" data-id=\"80587b4\" data-element_type=\"widget\" data-e-type=\"widget\" data-widget_type=\"image.default\">\n\t\t\t\t\t\t\t\t\t\t\t\t\t\t\t<img fetchpriority=\"high\" decoding=\"async\" width=\"720\" height=\"365\" src=\"https:\/\/upskill.humanpower-group.com\/wp-content\/uploads\/2026\/01\/UP-720-x-365-px.png\" class=\"attachment-large size-large wp-image-171\" alt=\"\" srcset=\"https:\/\/upskill.humanpower-group.com\/wp-content\/uploads\/2026\/01\/UP-720-x-365-px.png 720w, https:\/\/upskill.humanpower-group.com\/wp-content\/uploads\/2026\/01\/UP-720-x-365-px-300x152.png 300w\" sizes=\"(max-width: 720px) 100vw, 720px\" \/>\t\t\t\t\t\t\t\t\t\t\t\t\t\t\t<\/div>\n\t\t\t\t<\/div>\n\t\t<div class=\"elementor-element elementor-element-280316d e-con-full e-flex wpr-particle-no wpr-jarallax-no wpr-parallax-no wpr-sticky-section-no e-con e-child\" data-id=\"280316d\" data-element_type=\"container\" data-e-type=\"container\">\n\t\t\t\t<div class=\"elementor-element elementor-element-931cdba elementor-widget elementor-widget-text-editor\" data-id=\"931cdba\" data-element_type=\"widget\" data-e-type=\"widget\" data-widget_type=\"text-editor.default\">\n\t\t\t\t\t\t\t\t\tEn tant qu\u2019acteur engag\u00e9 dans le d\u00e9veloppement de l\u2019employabilit\u00e9 des jeunes, <strong>HumanPower Group <\/strong> vous offre,<\/br> \u00e0 travers <strong>sa plateforme\u00a0UpSkill<\/strong>, l\u2019opportunit\u00e9 de b\u00e9n\u00e9ficier de programmes de\n<\/br> <span class=\"customUnderlineO\">\n<strong>FORMATION DANS LE DIGITAL ET LE NUM\u00c9RIQUE<\/strong>, <\/br> <\/span>\n<span class=\"customOrange\">\n100 % GRATUITS <\/span>avec une <span class=\"customGreen\"> CERTIFICATION RECONNUE<\/span>.\n<\/br> \n<span class=\"customText\">\nVous \u00eates de nationalit\u00e9 tunisienne et \u00e2g\u00e9(e) <span style=\"text-decoration: underline; text-decoration-color: #31a768;\">de <span class=\"customLineColor\">18 \u00e0 35 ans?<\/span><\/span><\/span>\t\t\t\t\t\t\t\t<\/div>\n\t\t\t\t<\/div>\n\t\t<div class=\"elementor-element elementor-element-f8556f3 e-con-full e-flex wpr-particle-no wpr-jarallax-no wpr-parallax-no wpr-sticky-section-no e-con e-child\" data-id=\"f8556f3\" data-element_type=\"container\" data-e-type=\"container\">\n\t\t\t\t<div class=\"elementor-element elementor-element-5fa8dca elementor-widget__width-inherit wpr-button-icon-style-inline wpr-button-icon-position-right elementor-widget elementor-widget-wpr-button\" data-id=\"5fa8dca\" data-element_type=\"widget\" data-e-type=\"widget\" data-widget_type=\"wpr-button.default\">\n\t\t\t\t\t\t\n\t\t\t\n\t\t\n\t\t<div class=\"wpr-button-wrap elementor-clearfix\">\n\t\t<a class=\"wpr-button wpr-button-effect wpr-button-aylen\" data-text=\"\" href=\"https:\/\/upskill.humanpower-group.com\/index.php\/inscription\/\">\n\t\t\t\n\t\t\t<span class=\"wpr-button-content\">\n\t\t\t\t\t\t\t\t\t<span class=\"wpr-button-text\">Inscrivez-vous<\/span>\n\t\t\t\t\t\t\t\t\n\t\t\t\t\t\t\t<\/span>\n\t\t<\/a>\n\n\t\t\t\t<\/div>\n\t\n\t\n\t\t\t\t\t<\/div>\n\t\t\t\t<\/div>\n\t\t<div class=\"elementor-element elementor-element-5e4a744 e-con-full e-flex wpr-particle-no wpr-jarallax-no wpr-parallax-no wpr-sticky-section-no e-con e-child\" data-id=\"5e4a744\" data-element_type=\"container\" data-e-type=\"container\">\n\t\t\t\t<div class=\"elementor-element elementor-element-ba61f95 elementor-align-center elementor-icon-list--layout-traditional elementor-list-item-link-full_width elementor-widget elementor-widget-icon-list\" data-id=\"ba61f95\" data-element_type=\"widget\" data-e-type=\"widget\" data-widget_type=\"icon-list.default\">\n\t\t\t\t\t\t\t<ul class=\"elementor-icon-list-items\">\n\t\t\t\t\t\t\t<li class=\"elementor-icon-list-item\">\n\t\t\t\t\t\t\t\t\t\t\t<span class=\"elementor-icon-list-icon\">\n\t\t\t\t\t\t\t<svg aria-hidden=\"true\" class=\"e-font-icon-svg e-far-clock\" viewBox=\"0 0 512 512\" xmlns=\"http:\/\/www.w3.org\/2000\/svg\"><path d=\"M256 8C119 8 8 119 8 256s111 248 248 248 248-111 248-248S393 8 256 8zm0 448c-110.5 0-200-89.5-200-200S145.5 56 256 56s200 89.5 200 200-89.5 200-200 200zm61.8-104.4l-84.9-61.7c-3.1-2.3-4.9-5.9-4.9-9.7V116c0-6.6 5.4-12 12-12h32c6.6 0 12 5.4 12 12v141.7l66.8 48.6c5.4 3.9 6.5 11.4 2.6 16.8L334.6 349c-3.9 5.3-11.4 6.5-16.8 2.6z\"><\/path><\/svg>\t\t\t\t\t\t<\/span>\n\t\t\t\t\t\t\t\t\t\t<span class=\"elementor-icon-list-text\">Temps estim\u00e9 pour remplir ce formulaire : 60 secondes<\/span>\n\t\t\t\t\t\t\t\t\t<\/li>\n\t\t\t\t\t\t<\/ul>\n\t\t\t\t\t\t<\/div>\n\t\t\t\t<\/div>\n\t\t\t\t\t<\/div>\n\t\t\t\t<\/div>\n\t\t\t\t<\/div>\n\t\t","protected":false},"excerpt":{"rendered":"<p>Welcome to En tant qu\u2019acteur engag\u00e9 dans le d\u00e9veloppement de l\u2019employabilit\u00e9 des jeunes, HumanPower Group vous offre, \u00e0 travers sa plateforme\u00a0UpSkill, l\u2019opportunit\u00e9 de b\u00e9n\u00e9ficier de programmes de FORMATION DANS LE DIGITAL ET LE NUM\u00c9RIQUE, 100 % GRATUITS avec une CERTIFICATION RECONNUE. Vous \u00eates de nationalit\u00e9 tunisienne et \u00e2g\u00e9(e) de 18 \u00e0 35 ans? Inscrivez-vous Temps estim\u00e9 pour remplir ce formulaire : 60 secondes<\/p>\n","protected":false},"author":1,"featured_media":0,"parent":0,"menu_order":0,"comment_status":"closed","ping_status":"closed","template":"elementor_canvas","meta":{"footnotes":""},"class_list":["post-145","page","type-page","status-publish","hentry"],"_links":{"self":[{"href":"https:\/\/upskill.humanpower-group.com\/index.php\/wp-json\/wp\/v2\/pages\/145","targetHints":{"allow":["GET"]}}],"collection":[{"href":"https:\/\/upskill.humanpower-group.com\/index.php\/wp-json\/wp\/v2\/pages"}],"about":[{"href":"https:\/\/upskill.humanpower-group.com\/index.php\/wp-json\/wp\/v2\/types\/page"}],"author":[{"embeddable":true,"href":"https:\/\/upskill.humanpower-group.com\/index.php\/wp-json\/wp\/v2\/users\/1"}],"replies":[{"embeddable":true,"href":"https:\/\/upskill.humanpower-group.com\/index.php\/wp-json\/wp\/v2\/comments?post=145"}],"version-history":[{"count":127,"href":"https:\/\/upskill.humanpower-group.com\/index.php\/wp-json\/wp\/v2\/pages\/145\/revisions"}],"predecessor-version":[{"id":457,"href":"https:\/\/upskill.humanpower-group.com\/index.php\/wp-json\/wp\/v2\/pages\/145\/revisions\/457"}],"wp:attachment":[{"href":"https:\/\/upskill.humanpower-group.com\/index.php\/wp-json\/wp\/v2\/media?parent=145"}],"curies":[{"name":"wp","href":"https:\/\/api.w.org\/{rel}","templated":true}]}}